{"id":1092,"date":"2021-12-16T16:33:23","date_gmt":"2021-12-16T16:33:23","guid":{"rendered":"https:\/\/wisecreativeagency.com\/about-us\/"},"modified":"2022-04-11T15:44:44","modified_gmt":"2022-04-11T15:44:44","slug":"a-propos","status":"publish","type":"page","link":"https:\/\/wisecreativeagency.com\/fr\/a-propos\/","title":{"rendered":"A Propos"},"content":{"rendered":"\r\n<div id=\"\" class=\"text block\" style=\"background-color:\">\r\n\r\n    <div class=\"content_width\">\r\n        <h1><strong>wise<\/strong><br \/>\ncreative<br \/>\nagency<\/h1>\n<p><a href=\"https:\/\/wisecreativeagency.com\/fr\/a-propos\/#\">Nous sommes<\/a>\u00a0une \u00e9quipe de <strong>citoyens du monde<\/strong>, <strong>multidisciplinaire<\/strong> et <strong>multiculturelle<\/strong>, mais surtout bas\u00e9e dans la ville ensoleill\u00e9e de Barcelone.<\/p>\n<p>Pour nous, le <strong>design, le d\u00e9veloppement web et le marketing<\/strong> doivent fonctionner ensemble pour qu&rsquo;un business r\u00e9ussisse dans le monde digital d&rsquo;aujourd&rsquo;hui. Notre connaissance approfondie de ces trois domaines cl\u00e9s et nos nombreuses ann\u00e9es d&rsquo;exp\u00e9rience nous ont appris comment les faire travailler en synergie pour obtenir des r\u00e9sultats.<\/p>\n<p>Avec nos clients, nous n&rsquo;avons pas peur de pointer du doigt ce qui ne fonctionne pas, et de poser les questions difficiles. Notre implication dans chaque projet est enti\u00e8re.<\/p>\n<p><strong>Engagement<\/strong>, <strong>cr\u00e9ativit\u00e9<\/strong> et <strong>honn\u00eatet\u00e9<\/strong>, voil\u00e0 ce que vous pouvez attendre de nous.<\/p>\n            <\/div>\r\n\r\n<\/div>\r\n\r\n<style type=\"text\/css\">\r\n    #text-block_6229bb6ef679d {\r\n        background: ;\r\n        color: ;\r\n    }\r\n<\/style>\n\n\r\n<div id=\"\" class=\"presentation-header block\">\r\n\r\n    <amp-img class=\"bg_image\" src=\"https:\/\/wisecreativeagency.com\/wp-content\/uploads\/2022\/04\/Wise-Creative-Agency-Founders-1920x1075.jpg\" srcset=\"https:\/\/wisecreativeagency.com\/wp-content\/uploads\/2022\/04\/Wise-Creative-Agency-Founders-550x308.jpg 550w, https:\/\/wisecreativeagency.com\/wp-content\/uploads\/2022\/04\/Wise-Creative-Agency-Founders-1024x573.jpg 1024w, https:\/\/wisecreativeagency.com\/wp-content\/uploads\/2022\/04\/Wise-Creative-Agency-Founders-768x430.jpg 768w, https:\/\/wisecreativeagency.com\/wp-content\/uploads\/2022\/04\/Wise-Creative-Agency-Founders-1536x860.jpg 1536w, https:\/\/wisecreativeagency.com\/wp-content\/uploads\/2022\/04\/Wise-Creative-Agency-Founders-2048x1146.jpg 2048w, https:\/\/wisecreativeagency.com\/wp-content\/uploads\/2022\/04\/Wise-Creative-Agency-Founders-1920x1075.jpg 1920w\"  width=\"300\" height=\"200\" layout=responsive><\/amp-img>\r\n    <div class=\"overlay\"><\/div>\r\n\r\n    <div class=\"text\">\r\n            <\/div>\r\n\r\n<\/div>\r\n\r\n<style type=\"text\/css\">\r\n    #presentation-header-block_6220a6a1e851b {\r\n        background: ;\r\n        color: ;\r\n    }\r\n<\/style>\n\n\r\n<div id=\"\" class=\"text block\" style=\"background-color:\">\r\n\r\n    <div class=\"content_width\">\r\n        <h2><strong>A propos des fondateurs<\/strong><\/h2>\n<p>Estelle a un parcours en Sciences Politiques et Guillermo en architecture, mais \u00e0 la fin de leurs \u00e9tudes, les deux se sont <strong>tr\u00e8s vite tourn\u00e9s vers le monde du digital<\/strong>, en explorant respectivement leurs connaissances en communication et design.<\/p>\n<p>Ensemble, ils ont fond\u00e9 <strong>WISE Creative Agency<\/strong> pour offrir des solutions pertinentes et coh\u00e9rentes aux marques qui cherchaient \u00e0 se lancer ou \u00e0 d\u00e9velopper leur business.<\/p>\n<p><strong>Guillermo<\/strong> est n\u00e9 et a grandi \u00e0 Barcelone, mais a aussi v\u00e9cu plusieurs ann\u00e9es \u00e0 New York et Londres. V\u00e9ritable <strong>serial entrepreneur du web<\/strong>, il a lanc\u00e9 plus d&rsquo;une douzaine de projets en autodidacte ! La rumeur dit qu&rsquo;il a plus de 30 noms de domaines enregistr\u00e9s, alors qui sait ce qu&rsquo;il peut encore cr\u00e9er !<\/p>\n<p><strong>Estelle<\/strong> est n\u00e9e \u00e0 Toulouse et a boug\u00e9 dans toute la France pendant son enfance, puis dans plusieurs villes europ\u00e9ennes dont Barcelone dans sa vingtaine. C&rsquo;est \u00e0 Barcelone qu&rsquo;elle a pos\u00e9 ses valises \u00e0 la fin de ses \u00e9tudes. C&rsquo;est une<strong> communicante<\/strong> <strong>d\u00e9termin\u00e9e et passionn\u00e9e, <\/strong>avec un fort sentiment de connexion et d&#8217;empathie. Elle a une passion pour les tortues de mer, ce qui ne se refl\u00e8te pas sur sa vitesse, mais sur sa pers\u00e9v\u00e9rance. Comme le dit un c\u00e9l\u00e8bre petit poisson bleu : \u00ab\u00a0nage droit devant toi !\u00a0\u00bb.<\/p>\n<h2><strong>Travaillons ensemble<\/strong><\/h2>\n<p>\u00cates-vous pr\u00eat \u00e0 faire ce qu\u2019il faut pour lancer ou d\u00e9velopper votre entreprise ? Nous sommes l\u00e0 pour faire les choses, de la bonne mani\u00e8re, avec vous.\u00a0<a href=\"https:\/\/wisecreativeagency.com\/fr\/contact\/\">Dites-nous ce que vous avez en t\u00eate.<\/a>\u00a0Comment pouvons-nous vous aider ?<\/p>\n            <\/div>\r\n\r\n<\/div>\r\n\r\n<style type=\"text\/css\">\r\n    #text-block_61d6a2f3ce060 {\r\n        background: ;\r\n        color: ;\r\n    }\r\n<\/style>","protected":false},"excerpt":{"rendered":"","protected":false},"author":1,"featured_media":0,"parent":0,"menu_order":14,"comment_status":"closed","ping_status":"closed","template":"","meta":{"_acf_changed":false,"footnotes":""},"class_list":["post-1092","page","type-page","status-publish","hentry"],"acf":[],"yoast_head":"<!-- This site is optimized with the Yoast SEO plugin v26.5 - https:\/\/yoast.com\/wordpress\/plugins\/seo\/ -->\n<title>A Propos - Wise Creative Agency<\/title>\n<meta name=\"description\" content=\"Wise Creative Agency est une agence web, SEO et marketing bas\u00e9e \u00e0 Barcelone. Equipe internationale, ambitieuse et passionn\u00e9e !\" \/>\n<meta name=\"robots\" content=\"index, follow, max-snippet:-1, max-image-preview:large, max-video-preview:-1\" \/>\n<link rel=\"canonical\" href=\"https:\/\/wisecreativeagency.com\/fr\/a-propos\/\" \/>\n<meta property=\"og:locale\" content=\"fr_FR\" \/>\n<meta property=\"og:type\" content=\"article\" \/>\n<meta property=\"og:title\" content=\"A Propos - Wise Creative Agency\" \/>\n<meta property=\"og:description\" content=\"Wise Creative Agency est une agence web, SEO et marketing bas\u00e9e \u00e0 Barcelone. Equipe internationale, ambitieuse et passionn\u00e9e !\" \/>\n<meta property=\"og:url\" content=\"https:\/\/wisecreativeagency.com\/fr\/a-propos\/\" \/>\n<meta property=\"og:site_name\" content=\"Wise Creative Agency\" \/>\n<meta property=\"article:modified_time\" content=\"2022-04-11T15:44:44+00:00\" \/>\n<meta name=\"twitter:card\" content=\"summary_large_image\" \/>\n<script type=\"application\/ld+json\" class=\"yoast-schema-graph\">{\"@context\":\"https:\/\/schema.org\",\"@graph\":[{\"@type\":\"WebPage\",\"@id\":\"https:\/\/wisecreativeagency.com\/fr\/a-propos\/\",\"url\":\"https:\/\/wisecreativeagency.com\/fr\/a-propos\/\",\"name\":\"A Propos - Wise Creative Agency\",\"isPartOf\":{\"@id\":\"https:\/\/wisecreativeagency.com\/fr\/#website\"},\"datePublished\":\"2021-12-16T16:33:23+00:00\",\"dateModified\":\"2022-04-11T15:44:44+00:00\",\"description\":\"Wise Creative Agency est une agence web, SEO et marketing bas\u00e9e \u00e0 Barcelone. Equipe internationale, ambitieuse et passionn\u00e9e !\",\"breadcrumb\":{\"@id\":\"https:\/\/wisecreativeagency.com\/fr\/a-propos\/#breadcrumb\"},\"inLanguage\":\"fr-FR\",\"potentialAction\":[{\"@type\":\"ReadAction\",\"target\":[\"https:\/\/wisecreativeagency.com\/fr\/a-propos\/\"]}]},{\"@type\":\"BreadcrumbList\",\"@id\":\"https:\/\/wisecreativeagency.com\/fr\/a-propos\/#breadcrumb\",\"itemListElement\":[{\"@type\":\"ListItem\",\"position\":1,\"name\":\"Home\",\"item\":\"https:\/\/wisecreativeagency.com\/fr\/\"},{\"@type\":\"ListItem\",\"position\":2,\"name\":\"A Propos\"}]},{\"@type\":\"WebSite\",\"@id\":\"https:\/\/wisecreativeagency.com\/fr\/#website\",\"url\":\"https:\/\/wisecreativeagency.com\/fr\/\",\"name\":\"Wise Creative Agency\",\"description\":\"Design, Web, SEO &amp; Marketing\",\"potentialAction\":[{\"@type\":\"SearchAction\",\"target\":{\"@type\":\"EntryPoint\",\"urlTemplate\":\"https:\/\/wisecreativeagency.com\/fr\/?s={search_term_string}\"},\"query-input\":{\"@type\":\"PropertyValueSpecification\",\"valueRequired\":true,\"valueName\":\"search_term_string\"}}],\"inLanguage\":\"fr-FR\"}]}<\/script>\n<!-- \/ Yoast SEO plugin. -->","yoast_head_json":{"title":"A Propos - Wise Creative Agency","description":"Wise Creative Agency est une agence web, SEO et marketing bas\u00e9e \u00e0 Barcelone. Equipe internationale, ambitieuse et passionn\u00e9e !","robots":{"index":"index","follow":"follow","max-snippet":"max-snippet:-1","max-image-preview":"max-image-preview:large","max-video-preview":"max-video-preview:-1"},"canonical":"https:\/\/wisecreativeagency.com\/fr\/a-propos\/","og_locale":"fr_FR","og_type":"article","og_title":"A Propos - Wise Creative Agency","og_description":"Wise Creative Agency est une agence web, SEO et marketing bas\u00e9e \u00e0 Barcelone. Equipe internationale, ambitieuse et passionn\u00e9e !","og_url":"https:\/\/wisecreativeagency.com\/fr\/a-propos\/","og_site_name":"Wise Creative Agency","article_modified_time":"2022-04-11T15:44:44+00:00","twitter_card":"summary_large_image","schema":{"@context":"https:\/\/schema.org","@graph":[{"@type":"WebPage","@id":"https:\/\/wisecreativeagency.com\/fr\/a-propos\/","url":"https:\/\/wisecreativeagency.com\/fr\/a-propos\/","name":"A Propos - Wise Creative Agency","isPartOf":{"@id":"https:\/\/wisecreativeagency.com\/fr\/#website"},"datePublished":"2021-12-16T16:33:23+00:00","dateModified":"2022-04-11T15:44:44+00:00","description":"Wise Creative Agency est une agence web, SEO et marketing bas\u00e9e \u00e0 Barcelone. Equipe internationale, ambitieuse et passionn\u00e9e !","breadcrumb":{"@id":"https:\/\/wisecreativeagency.com\/fr\/a-propos\/#breadcrumb"},"inLanguage":"fr-FR","potentialAction":[{"@type":"ReadAction","target":["https:\/\/wisecreativeagency.com\/fr\/a-propos\/"]}]},{"@type":"BreadcrumbList","@id":"https:\/\/wisecreativeagency.com\/fr\/a-propos\/#breadcrumb","itemListElement":[{"@type":"ListItem","position":1,"name":"Home","item":"https:\/\/wisecreativeagency.com\/fr\/"},{"@type":"ListItem","position":2,"name":"A Propos"}]},{"@type":"WebSite","@id":"https:\/\/wisecreativeagency.com\/fr\/#website","url":"https:\/\/wisecreativeagency.com\/fr\/","name":"Wise Creative Agency","description":"Design, Web, SEO &amp; Marketing","potentialAction":[{"@type":"SearchAction","target":{"@type":"EntryPoint","urlTemplate":"https:\/\/wisecreativeagency.com\/fr\/?s={search_term_string}"},"query-input":{"@type":"PropertyValueSpecification","valueRequired":true,"valueName":"search_term_string"}}],"inLanguage":"fr-FR"}]}},"amp_enabled":true,"_links":{"self":[{"href":"https:\/\/wisecreativeagency.com\/fr\/wp-json\/wp\/v2\/pages\/1092","targetHints":{"allow":["GET"]}}],"collection":[{"href":"https:\/\/wisecreativeagency.com\/fr\/wp-json\/wp\/v2\/pages"}],"about":[{"href":"https:\/\/wisecreativeagency.com\/fr\/wp-json\/wp\/v2\/types\/page"}],"author":[{"embeddable":true,"href":"https:\/\/wisecreativeagency.com\/fr\/wp-json\/wp\/v2\/users\/1"}],"replies":[{"embeddable":true,"href":"https:\/\/wisecreativeagency.com\/fr\/wp-json\/wp\/v2\/comments?post=1092"}],"version-history":[{"count":35,"href":"https:\/\/wisecreativeagency.com\/fr\/wp-json\/wp\/v2\/pages\/1092\/revisions"}],"predecessor-version":[{"id":2956,"href":"https:\/\/wisecreativeagency.com\/fr\/wp-json\/wp\/v2\/pages\/1092\/revisions\/2956"}],"wp:attachment":[{"href":"https:\/\/wisecreativeagency.com\/fr\/wp-json\/wp\/v2\/media?parent=1092"}],"curies":[{"name":"wp","href":"https:\/\/api.w.org\/{rel}","templated":true}]}}