{"id":8083,"date":"2023-01-25T19:14:47","date_gmt":"2023-01-25T19:14:47","guid":{"rendered":"https:\/\/wisecreativeagency.com\/wise-essentials\/"},"modified":"2023-02-01T07:54:24","modified_gmt":"2023-02-01T07:54:24","slug":"wise-essentiels","status":"publish","type":"page","link":"https:\/\/wisecreativeagency.com\/fr\/wise-essentiels\/","title":{"rendered":"Wise essentiels"},"content":{"rendered":"\r\n<div id=\"\" class=\"text block\" style=\"background-color:#ffe240\">\r\n\r\n    <div class=\"content_width\">\r\n        <h1 style=\"text-align: center\"><strong>Les Essentiels Wise<\/strong><\/h1>\n<p style=\"text-align: center;margin-top: -1em\">Quelques uns de nos services les plus demand\u00e9s \u00e0 un prix r\u00e9duit<\/p>\n<div style=\"width: 100%;text-align: center\"><img loading=\"lazy\" decoding=\"async\" class=\"aligncenter wp-image-7877\" style=\"margin: 0 10px\" role=\"img\" src=\"https:\/\/wisecreativeagency.com\/wp-content\/uploads\/2023\/01\/SEO-Audits.svg\" alt=\"\" width=\"60\" height=\"60\" \/> <img loading=\"lazy\" decoding=\"async\" class=\"aligncenter wp-image-7874\" style=\"margin: 0 10px\" role=\"img\" src=\"https:\/\/wisecreativeagency.com\/wp-content\/uploads\/2023\/01\/Social-Media-Profile-Audit.svg\" alt=\"\" width=\"60\" height=\"60\" \/> <img loading=\"lazy\" decoding=\"async\" class=\"aligncenter wp-image-7880\" style=\"margin: 0 10px\" role=\"img\" src=\"https:\/\/wisecreativeagency.com\/wp-content\/uploads\/2023\/01\/Keyword-research.svg\" alt=\"\" width=\"60\" height=\"60\" \/> <img loading=\"lazy\" decoding=\"async\" class=\"aligncenter wp-image-7871\" style=\"margin: 0 10px\" role=\"img\" src=\"https:\/\/wisecreativeagency.com\/wp-content\/uploads\/2023\/01\/Influencer-Marketing-Consultuing.svg\" alt=\"\" width=\"60\" height=\"60\" \/><\/div>\n            <\/div>\r\n\r\n<\/div>\r\n\r\n<style type=\"text\/css\">\r\n    #text-block_6179ff55af3afda7c39176617bb3db70 {\r\n        background: ;\r\n        color: ;\r\n    }\r\n<\/style>\n\n\r\n<div id=\"\" class=\"text-in-columns block\">\r\n\r\n    <div class=\"content_width\">\r\n\r\n        <p><strong>Nous souhaitons travailler avec des personnes passionn\u00e9es par leur projet, peu importe leur budget.<\/strong><\/p>\n<p>Nous savons que vous n&rsquo;\u00eates peut-\u00eatre pas pr\u00eats pour <a href=\"https:\/\/wisecreativeagency.com\/fr\/wise-equipe-digitale\/\" target=\"_blank\" rel=\"noopener\">nos forfaits \u00e9quipe digitale<\/a>, mais cela ne veut pas dire que nous ne pouvons pas travailler ensemble. Plus maintenant !<\/p>\n<p><strong>Nous avons d\u00e9velopp\u00e9 les essentiels WISE pour aider les marques comme la v\u00f4tre \u00e0 booster leur marketing sans casser leur compte en banque ! <\/strong>Des produits marketing indispensables pour votre business en ligne, rendus simples, efficaces et abordables. Notre gamme d&rsquo;essentiels comporte les services suivants :<\/p>\n<p>&nbsp;<\/p>\n\r\n        <div class=\"columns four_columns separate_in_mobile\">\r\n\r\n            \r\n                    <div class=\"column\">\r\n                        <p><img loading=\"lazy\" decoding=\"async\" class=\"aligncenter wp-image-7877\" role=\"img\" src=\"https:\/\/wisecreativeagency.com\/wp-content\/uploads\/2023\/01\/SEO-Audits.svg\" alt=\"\" width=\"100\" height=\"100\" \/><\/p>\n<p style=\"text-align: center\"><strong>Audit SEO<br \/>\nsite web<\/strong><\/p>\n                    <\/div>\r\n\r\n                \r\n                    <div class=\"column\">\r\n                        <p><img loading=\"lazy\" decoding=\"async\" class=\"wp-image-7880 aligncenter\" role=\"img\" src=\"https:\/\/wisecreativeagency.com\/wp-content\/uploads\/2023\/01\/Keyword-research.svg\" alt=\"\" width=\"100\" height=\"100\" \/><\/p>\n<p style=\"text-align: center\"><strong>Recherche de<br \/>\nmots-cl\u00e9s SEO<\/strong><\/p>\n                    <\/div>\r\n\r\n                \r\n                    <div class=\"column\">\r\n                        <p><img loading=\"lazy\" decoding=\"async\" class=\"wp-image-7874 aligncenter\" role=\"img\" src=\"https:\/\/wisecreativeagency.com\/wp-content\/uploads\/2023\/01\/Social-Media-Profile-Audit.svg\" alt=\"\" width=\"100\" height=\"100\" \/><\/p>\n<p style=\"text-align: center\"><b>Audit<br \/>\nde r\u00e9seaux sociaux<\/b><\/p>\n                    <\/div>\r\n\r\n                \r\n                    <div class=\"column\">\r\n                        <p><img loading=\"lazy\" decoding=\"async\" class=\"wp-image-7871 aligncenter\" role=\"img\" src=\"https:\/\/wisecreativeagency.com\/wp-content\/uploads\/2023\/01\/Influencer-Marketing-Consultuing.svg\" alt=\"\" width=\"100\" height=\"100\" \/><\/p>\n<p style=\"text-align: center\"><strong>Consulting<br \/>\nMarketing d&rsquo;influence<\/p>\n<p><\/strong><\/p>\n                    <\/div>\r\n\r\n                \r\n        <\/div>\r\n\r\n                    <div class=\"after_columns\">\r\n                <p><strong>Si vous \u00eates int\u00e9ress\u00e9s par l&rsquo;un de ces services<\/strong> et aimeriez \u00eatre tenu inform\u00e9s de la date de sortie de nos nouveaux packs, <strong><a href=\"https:\/\/wisecreativeagency.com\/fr\/wise-essentials\/\">dites-le nous !<\/a>\u00a0<\/strong>Laissez-nous vos d\u00e9tails ci-dessous et vous serez le premier \u00e0 \u00eatre au courant ! (en plus de b\u00e9n\u00e9ficier d&rsquo;une offre exclusive !)<\/p>\n            <\/div>\r\n        \r\n    <\/div>\r\n\r\n<\/div>\r\n\r\n<style type=\"text\/css\">\r\n    #text-in-columns-block_c0dbeca75345f6229c45d501fcf27885 {\r\n        background: ;\r\n        color: ;\r\n    }\r\n<\/style>\n\n\r\n<div id=\"letmeknow\" class=\"text block\" style=\"background-color:#ffe240\">\r\n\r\n    <div class=\"content_width\">\r\n        <div style=\"max-width: 550px;margin: 0 auto\">\n<div class=\"wpcf7 no-js\" id=\"wpcf7-f8090-o1\" lang=\"en-US\" dir=\"ltr\" data-wpcf7-id=\"8090\">\n<div class=\"screen-reader-response\"><p role=\"status\" aria-live=\"polite\" aria-atomic=\"true\"><\/p> <ul><\/ul><\/div>\n<form action=\"\/fr\/wp-json\/wp\/v2\/pages\/8083#wpcf7-f8090-o1\" method=\"post\" class=\"wpcf7-form init\" aria-label=\"Contact form\" novalidate=\"novalidate\" data-status=\"init\">\n<fieldset class=\"hidden-fields-container\"><input type=\"hidden\" name=\"_wpcf7\" value=\"8090\" \/><input type=\"hidden\" name=\"_wpcf7_version\" value=\"6.1.4\" \/><input type=\"hidden\" name=\"_wpcf7_locale\" value=\"en_US\" \/><input type=\"hidden\" name=\"_wpcf7_unit_tag\" value=\"wpcf7-f8090-o1\" \/><input type=\"hidden\" name=\"_wpcf7_container_post\" value=\"0\" \/><input type=\"hidden\" name=\"_wpcf7_posted_data_hash\" value=\"\" \/>\n<\/fieldset>\n<amp-recaptcha-input layout=\"nodisplay\" name=\"_wpcf7_recaptcha_response\" data-sitekey=\"6LcJu0seAAAAAEIpmyCZYp21U96cUZu20NWJFos9\" data-action=\"contactform\"><\/amp-recaptcha-input><div class=\"instruction\">\n\t<p>A propos de vous\n\t<\/p>\n<\/div>\n<p><span class=\"wpcf7-form-control-wrap\" data-name=\"your-name\"><input size=\"40\" maxlength=\"400\" class=\"wpcf7-form-control wpcf7-text wpcf7-validates-as-required\" required aria-invalid=\"false\" placeholder=\"votre nom et pr\u00e9nom\" value=\"\" type=\"text\" name=\"your-name\" \/><\/span><br \/>\n<span class=\"wpcf7-form-control-wrap\" data-name=\"your-email\"><input size=\"40\" maxlength=\"400\" class=\"wpcf7-form-control wpcf7-email wpcf7-validates-as-required wpcf7-text wpcf7-validates-as-email\" required aria-invalid=\"false\" placeholder=\"Votre e-mail\" value=\"\" type=\"email\" name=\"your-email\" \/><\/span><br \/>\n<span class=\"wpcf7-form-control-wrap\" data-name=\"your-company\"><input size=\"40\" maxlength=\"400\" class=\"wpcf7-form-control wpcf7-text wpcf7-validates-as-required\" required aria-invalid=\"false\" placeholder=\"Votre entreprise\/marque\" value=\"\" type=\"text\" name=\"your-company\" \/><\/span>\n<\/p>\n<div class=\"instruction\">\n\t<p>Quels services vous int\u00e9ressent ?\n\t<\/p>\n<\/div>\n<p><span class=\"wpcf7-form-control-wrap\" data-name=\"services\"><span class=\"wpcf7-form-control wpcf7-checkbox wpcf7-validates-as-required\"><span class=\"wpcf7-list-item first\"><label><input type=\"checkbox\" name=\"services[]\" value=\"Audit SEO\" \/><span class=\"wpcf7-list-item-label\">Audit SEO<\/span><\/label><\/span><span class=\"wpcf7-list-item\"><label><input type=\"checkbox\" name=\"services[]\" value=\"Recherche de mots-cl\u00e9s\" \/><span class=\"wpcf7-list-item-label\">Recherche de mots-cl\u00e9s<\/span><\/label><\/span><span class=\"wpcf7-list-item\"><label><input type=\"checkbox\" name=\"services[]\" value=\"Audit R\u00e9seaux Sociaux\" \/><span class=\"wpcf7-list-item-label\">Audit R\u00e9seaux Sociaux<\/span><\/label><\/span><span class=\"wpcf7-list-item last\"><label><input type=\"checkbox\" name=\"services[]\" value=\"Marketing d&#039;influence\" \/><span class=\"wpcf7-list-item-label\">Marketing d&#039;influence<\/span><\/label><\/span><\/span><\/span>\n<\/p>\n<div class=\"instruction\">\n\t<p>Autre chose ?\n\t<\/p>\n<\/div>\n<p><span class=\"wpcf7-form-control-wrap\" data-name=\"your-message\"><textarea cols=\"40\" rows=\"10\" maxlength=\"2000\" class=\"wpcf7-form-control wpcf7-textarea\" aria-invalid=\"false\" placeholder=\"Autre chose que vous aimeriez nous dire ? :)\" name=\"your-message\"><\/textarea><\/span>\n<\/p>\n<p><input class=\"wpcf7-form-control wpcf7-submit has-spinner\" type=\"submit\" value=\"Je suis int\u00e9ress\u00e9 !\" \/>\n<\/p><div class=\"wpcf7-response-output\" aria-hidden=\"true\"><\/div>\n<\/form>\n<\/div>\n<\/div>\n            <\/div>\r\n\r\n<\/div>\r\n\r\n<style type=\"text\/css\">\r\n    #text-block_53b4da7be30df9fff1dffd3292f1f01d {\r\n        background: ;\r\n        color: ;\r\n    }\r\n<\/style>","protected":false},"excerpt":{"rendered":"","protected":false},"author":1,"featured_media":0,"parent":0,"menu_order":2,"comment_status":"closed","ping_status":"closed","template":"","meta":{"_acf_changed":false,"footnotes":""},"class_list":["post-8083","page","type-page","status-publish","hentry"],"acf":[],"yoast_head":"<!-- This site is optimized with the Yoast SEO plugin v26.5 - https:\/\/yoast.com\/wordpress\/plugins\/seo\/ -->\n<title>Wise essentiels - Wise Creative Agency<\/title>\n<meta name=\"description\" content=\"D\u00e9couvrez des produits de marketing digital pr\u00eats \u00e0 commander, pr\u00eats \u00e0 \u00eatre livr\u00e9s. Audits SEO, audits r\u00e9seaux sociaux, recherche mots-cl\u00e9s \u00e0 prix r\u00e9duit.\" \/>\n<meta name=\"robots\" content=\"index, follow, max-snippet:-1, max-image-preview:large, max-video-preview:-1\" \/>\n<link rel=\"canonical\" href=\"https:\/\/wisecreativeagency.com\/fr\/wise-essentiels\/\" \/>\n<meta property=\"og:locale\" content=\"fr_FR\" \/>\n<meta property=\"og:type\" content=\"article\" \/>\n<meta property=\"og:title\" content=\"Wise essentiels - Wise Creative Agency\" \/>\n<meta property=\"og:description\" content=\"D\u00e9couvrez des produits de marketing digital pr\u00eats \u00e0 commander, pr\u00eats \u00e0 \u00eatre livr\u00e9s. Audits SEO, audits r\u00e9seaux sociaux, recherche mots-cl\u00e9s \u00e0 prix r\u00e9duit.\" \/>\n<meta property=\"og:url\" content=\"https:\/\/wisecreativeagency.com\/fr\/wise-essentiels\/\" \/>\n<meta property=\"og:site_name\" content=\"Wise Creative Agency\" \/>\n<meta property=\"article:modified_time\" content=\"2023-02-01T07:54:24+00:00\" \/>\n<meta name=\"twitter:card\" content=\"summary_large_image\" \/>\n<script type=\"application\/ld+json\" class=\"yoast-schema-graph\">{\"@context\":\"https:\/\/schema.org\",\"@graph\":[{\"@type\":\"WebPage\",\"@id\":\"https:\/\/wisecreativeagency.com\/fr\/wise-essentiels\/\",\"url\":\"https:\/\/wisecreativeagency.com\/fr\/wise-essentiels\/\",\"name\":\"Wise essentiels - Wise Creative Agency\",\"isPartOf\":{\"@id\":\"https:\/\/wisecreativeagency.com\/fr\/#website\"},\"datePublished\":\"2023-01-25T19:14:47+00:00\",\"dateModified\":\"2023-02-01T07:54:24+00:00\",\"description\":\"D\u00e9couvrez des produits de marketing digital pr\u00eats \u00e0 commander, pr\u00eats \u00e0 \u00eatre livr\u00e9s. Audits SEO, audits r\u00e9seaux sociaux, recherche mots-cl\u00e9s \u00e0 prix r\u00e9duit.\",\"breadcrumb\":{\"@id\":\"https:\/\/wisecreativeagency.com\/fr\/wise-essentiels\/#breadcrumb\"},\"inLanguage\":\"fr-FR\",\"potentialAction\":[{\"@type\":\"ReadAction\",\"target\":[\"https:\/\/wisecreativeagency.com\/fr\/wise-essentiels\/\"]}]},{\"@type\":\"BreadcrumbList\",\"@id\":\"https:\/\/wisecreativeagency.com\/fr\/wise-essentiels\/#breadcrumb\",\"itemListElement\":[{\"@type\":\"ListItem\",\"position\":1,\"name\":\"Home\",\"item\":\"https:\/\/wisecreativeagency.com\/fr\/\"},{\"@type\":\"ListItem\",\"position\":2,\"name\":\"Wise essentiels\"}]},{\"@type\":\"WebSite\",\"@id\":\"https:\/\/wisecreativeagency.com\/fr\/#website\",\"url\":\"https:\/\/wisecreativeagency.com\/fr\/\",\"name\":\"Wise Creative Agency\",\"description\":\"Design, Web, SEO &amp; Marketing\",\"potentialAction\":[{\"@type\":\"SearchAction\",\"target\":{\"@type\":\"EntryPoint\",\"urlTemplate\":\"https:\/\/wisecreativeagency.com\/fr\/?s={search_term_string}\"},\"query-input\":{\"@type\":\"PropertyValueSpecification\",\"valueRequired\":true,\"valueName\":\"search_term_string\"}}],\"inLanguage\":\"fr-FR\"}]}<\/script>\n<!-- \/ Yoast SEO plugin. -->","yoast_head_json":{"title":"Wise essentiels - Wise Creative Agency","description":"D\u00e9couvrez des produits de marketing digital pr\u00eats \u00e0 commander, pr\u00eats \u00e0 \u00eatre livr\u00e9s. Audits SEO, audits r\u00e9seaux sociaux, recherche mots-cl\u00e9s \u00e0 prix r\u00e9duit.","robots":{"index":"index","follow":"follow","max-snippet":"max-snippet:-1","max-image-preview":"max-image-preview:large","max-video-preview":"max-video-preview:-1"},"canonical":"https:\/\/wisecreativeagency.com\/fr\/wise-essentiels\/","og_locale":"fr_FR","og_type":"article","og_title":"Wise essentiels - Wise Creative Agency","og_description":"D\u00e9couvrez des produits de marketing digital pr\u00eats \u00e0 commander, pr\u00eats \u00e0 \u00eatre livr\u00e9s. Audits SEO, audits r\u00e9seaux sociaux, recherche mots-cl\u00e9s \u00e0 prix r\u00e9duit.","og_url":"https:\/\/wisecreativeagency.com\/fr\/wise-essentiels\/","og_site_name":"Wise Creative Agency","article_modified_time":"2023-02-01T07:54:24+00:00","twitter_card":"summary_large_image","schema":{"@context":"https:\/\/schema.org","@graph":[{"@type":"WebPage","@id":"https:\/\/wisecreativeagency.com\/fr\/wise-essentiels\/","url":"https:\/\/wisecreativeagency.com\/fr\/wise-essentiels\/","name":"Wise essentiels - Wise Creative Agency","isPartOf":{"@id":"https:\/\/wisecreativeagency.com\/fr\/#website"},"datePublished":"2023-01-25T19:14:47+00:00","dateModified":"2023-02-01T07:54:24+00:00","description":"D\u00e9couvrez des produits de marketing digital pr\u00eats \u00e0 commander, pr\u00eats \u00e0 \u00eatre livr\u00e9s. Audits SEO, audits r\u00e9seaux sociaux, recherche mots-cl\u00e9s \u00e0 prix r\u00e9duit.","breadcrumb":{"@id":"https:\/\/wisecreativeagency.com\/fr\/wise-essentiels\/#breadcrumb"},"inLanguage":"fr-FR","potentialAction":[{"@type":"ReadAction","target":["https:\/\/wisecreativeagency.com\/fr\/wise-essentiels\/"]}]},{"@type":"BreadcrumbList","@id":"https:\/\/wisecreativeagency.com\/fr\/wise-essentiels\/#breadcrumb","itemListElement":[{"@type":"ListItem","position":1,"name":"Home","item":"https:\/\/wisecreativeagency.com\/fr\/"},{"@type":"ListItem","position":2,"name":"Wise essentiels"}]},{"@type":"WebSite","@id":"https:\/\/wisecreativeagency.com\/fr\/#website","url":"https:\/\/wisecreativeagency.com\/fr\/","name":"Wise Creative Agency","description":"Design, Web, SEO &amp; Marketing","potentialAction":[{"@type":"SearchAction","target":{"@type":"EntryPoint","urlTemplate":"https:\/\/wisecreativeagency.com\/fr\/?s={search_term_string}"},"query-input":{"@type":"PropertyValueSpecification","valueRequired":true,"valueName":"search_term_string"}}],"inLanguage":"fr-FR"}]}},"amp_enabled":true,"_links":{"self":[{"href":"https:\/\/wisecreativeagency.com\/fr\/wp-json\/wp\/v2\/pages\/8083","targetHints":{"allow":["GET"]}}],"collection":[{"href":"https:\/\/wisecreativeagency.com\/fr\/wp-json\/wp\/v2\/pages"}],"about":[{"href":"https:\/\/wisecreativeagency.com\/fr\/wp-json\/wp\/v2\/types\/page"}],"author":[{"embeddable":true,"href":"https:\/\/wisecreativeagency.com\/fr\/wp-json\/wp\/v2\/users\/1"}],"replies":[{"embeddable":true,"href":"https:\/\/wisecreativeagency.com\/fr\/wp-json\/wp\/v2\/comments?post=8083"}],"version-history":[{"count":11,"href":"https:\/\/wisecreativeagency.com\/fr\/wp-json\/wp\/v2\/pages\/8083\/revisions"}],"predecessor-version":[{"id":8101,"href":"https:\/\/wisecreativeagency.com\/fr\/wp-json\/wp\/v2\/pages\/8083\/revisions\/8101"}],"wp:attachment":[{"href":"https:\/\/wisecreativeagency.com\/fr\/wp-json\/wp\/v2\/media?parent=8083"}],"curies":[{"name":"wp","href":"https:\/\/api.w.org\/{rel}","templated":true}]}}